{"id":3163,"date":"2015-11-23T22:15:58","date_gmt":"2015-11-23T22:15:58","guid":{"rendered":"http:\/\/www.trianon.ca\/fr\/?page_id=3163"},"modified":"2015-12-09T22:05:52","modified_gmt":"2015-12-09T22:05:52","slug":"liens-utiles","status":"publish","type":"page","link":"https:\/\/www.trianon.ca\/fr\/liens-utiles\/","title":{"rendered":"Liens Utiles"},"content":{"rendered":"\r\n\t<div id=\"fws_69ece7797b1bc\" data-midnight=\"dark\" data-bg-mobile-hidden=\"\" class=\"wpb_row vc_row-fluid vc_row standard_section  trititlearea \"  style=\"padding-top: 100px; padding-bottom: 100px; \"><div class=\"row-bg-wrap\"> <div class=\"row-bg using-image  \"  style=\"background-image: url(https:\/\/www.trianon.ca\/wp-content\/uploads\/trionon-3.jpeg); background-position: center center; background-repeat: no-repeat; \"><\/div> <\/div><div class=\"col span_12 dark left\">\n\t<div  class=\"vc_col-sm-12 wpb_column column_container col no-extra-padding\"  data-padding-pos=\"all\" data-has-bg-color=\"false\" data-bg-color=\"\" data-bg-opacity=\"1\" data-hover-bg=\"\" data-hover-bg-opacity=\"1\" data-animation=\"\" data-delay=\"0\">\n\t\t<div class=\"wpb_wrapper\">\n\t\t\t\n\t<div class=\"wpb_text_column wpb_content_element \">\n\t\t<div class=\"wpb_wrapper\">\n\t\t\t<h1 style=\"text-align: center;\"><span style=\"color: #ffffff;\">Liens Utiles<\/span><\/h1>\n\n\t\t<\/div>\n\t<\/div>\n\n\t\t<\/div> \n\t<\/div> \n<\/div><\/div>\r\n\t<div id=\"fws_69ece7797bcee\" data-midnight=\"dark\" data-bg-mobile-hidden=\"\" class=\"wpb_row vc_row-fluid vc_row standard_section   \"  style=\"padding-top: 0px; padding-bottom: 100px; \"><div class=\"row-bg-wrap\"> <div class=\"row-bg   \"  style=\"\"><\/div> <\/div><div class=\"col span_12 dark left\">\n\t<div  class=\"vc_col-sm-12 wpb_column column_container col no-extra-padding\"  data-padding-pos=\"all\" data-has-bg-color=\"false\" data-bg-color=\"\" data-bg-opacity=\"1\" data-hover-bg=\"\" data-hover-bg-opacity=\"1\" data-animation=\"\" data-delay=\"0\">\n\t\t<div class=\"wpb_wrapper\">\n\t\t\t\n\t<div class=\"wpb_text_column wpb_content_element \">\n\t\t<div class=\"wpb_wrapper\">\n\t\t\t<h4 style=\"text-align: center;\">D\u00e9couvrez quelques-unes des liens ci-dessous pour des informations utiles sur la ville!<\/h4>\n\n\t\t<\/div>\n\t<\/div>\n<div style=\"margin-top: 20px; margin-bottom: 20px;\" class=\"divider-border\"><\/div>\n\t<div class=\"wpb_text_column wpb_content_element \">\n\t\t<div class=\"wpb_wrapper\">\n\t\t\t<p style=\"text-align: center;\"><a href=\"http:\/\/www.moremontreal.com\" target=\"_blank\">Tout Montr\u00e9al<\/a><\/p>\n<p style=\"text-align: center;\"><a href=\"http:\/\/www.stm.info\/\" target=\"_blank\">Le syst\u00e8me de transport<\/a><\/p>\n<p style=\"text-align: center;\"><a href=\"http:\/\/www.admtl.com\" target=\"_blank\">A\u00e9roport Trudeau YUL<\/a><\/p>\n<p style=\"text-align: center;\"><a href=\"http:\/\/www.theweathernetwork.com\/us\/weather\/canada\/quebec\/montreal\" target=\"_blank\">M\u00e9t\u00e9o Montr\u00e9al<\/a><\/p>\n<p style=\"text-align: center;\"><a href=\"https:\/\/montreal.bixi.com\" target=\"_blank\">Syst\u00e8me de v\u00e9los libre-service Bixi<\/a><\/p>\n<p style=\"text-align: center;\"><a href=\"http:\/\/www.santemontreal.qc.ca\/\" target=\"_blank\">Portail sant\u00e9<\/a><\/p>\n\n\t\t<\/div>\n\t<\/div>\n\n\t\t<\/div> \n\t<\/div> \n<\/div><\/div>\n","protected":false},"excerpt":{"rendered":"Liens Utiles D\u00e9couvrez quelques-unes des liens ci-dessous pour des informations utiles sur la ville! Tout Montr\u00e9al Le syst\u00e8me de transport A\u00e9roport Trudeau YUL M\u00e9t\u00e9o Montr\u00e9al Syst\u00e8me de v\u00e9los libre-service Bixi...","protected":false},"author":5,"featured_media":0,"parent":0,"menu_order":0,"comment_status":"closed","ping_status":"closed","template":"","meta":{"footnotes":""},"class_list":["post-3163","page","type-page","status-publish","hentry"],"yoast_head":"<!-- This site is optimized with the Yoast SEO plugin v27.2 - https:\/\/yoast.com\/product\/yoast-seo-wordpress\/ -->\n<title>Liens Utiles - Trianon<\/title>\n<meta name=\"robots\" content=\"index, follow, max-snippet:-1, max-image-preview:large, max-video-preview:-1\" \/>\n<link rel=\"canonical\" href=\"https:\/\/www.trianon.ca\/fr\/liens-utiles\/\" \/>\n<meta property=\"og:locale\" content=\"fr_FR\" \/>\n<meta property=\"og:type\" content=\"article\" \/>\n<meta property=\"og:title\" content=\"Liens Utiles - Trianon\" \/>\n<meta property=\"og:url\" content=\"https:\/\/www.trianon.ca\/fr\/liens-utiles\/\" \/>\n<meta property=\"og:site_name\" content=\"Trianon\" \/>\n<meta property=\"article:modified_time\" content=\"2015-12-09T22:05:52+00:00\" \/>\n<meta name=\"twitter:card\" content=\"summary_large_image\" \/>\n<meta name=\"twitter:label1\" content=\"Dur\u00e9e de lecture estim\u00e9e\" \/>\n\t<meta name=\"twitter:data1\" content=\"1 minute\" \/>\n<script type=\"application\/ld+json\" class=\"yoast-schema-graph\">{\"@context\":\"https:\/\/schema.org\",\"@graph\":[{\"@type\":\"WebPage\",\"@id\":\"https:\/\/www.trianon.ca\/fr\/liens-utiles\/\",\"url\":\"https:\/\/www.trianon.ca\/fr\/liens-utiles\/\",\"name\":\"Liens Utiles - Trianon\",\"isPartOf\":{\"@id\":\"https:\/\/www.trianon.ca\/fr\/#website\"},\"datePublished\":\"2015-11-23T22:15:58+00:00\",\"dateModified\":\"2015-12-09T22:05:52+00:00\",\"breadcrumb\":{\"@id\":\"https:\/\/www.trianon.ca\/fr\/liens-utiles\/#breadcrumb\"},\"inLanguage\":\"fr-FR\",\"potentialAction\":[{\"@type\":\"ReadAction\",\"target\":[\"https:\/\/www.trianon.ca\/fr\/liens-utiles\/\"]}]},{\"@type\":\"BreadcrumbList\",\"@id\":\"https:\/\/www.trianon.ca\/fr\/liens-utiles\/#breadcrumb\",\"itemListElement\":[{\"@type\":\"ListItem\",\"position\":1,\"name\":\"Home\",\"item\":\"https:\/\/www.trianon.ca\/fr\/\"},{\"@type\":\"ListItem\",\"position\":2,\"name\":\"Liens Utiles\"}]},{\"@type\":\"WebSite\",\"@id\":\"https:\/\/www.trianon.ca\/fr\/#website\",\"url\":\"https:\/\/www.trianon.ca\/fr\/\",\"name\":\"Trianon\",\"description\":\"\",\"potentialAction\":[{\"@type\":\"SearchAction\",\"target\":{\"@type\":\"EntryPoint\",\"urlTemplate\":\"https:\/\/www.trianon.ca\/fr\/?s={search_term_string}\"},\"query-input\":{\"@type\":\"PropertyValueSpecification\",\"valueRequired\":true,\"valueName\":\"search_term_string\"}}],\"inLanguage\":\"fr-FR\"}]}<\/script>\n<!-- \/ Yoast SEO plugin. -->","yoast_head_json":{"title":"Liens Utiles - Trianon","robots":{"index":"index","follow":"follow","max-snippet":"max-snippet:-1","max-image-preview":"max-image-preview:large","max-video-preview":"max-video-preview:-1"},"canonical":"https:\/\/www.trianon.ca\/fr\/liens-utiles\/","og_locale":"fr_FR","og_type":"article","og_title":"Liens Utiles - Trianon","og_url":"https:\/\/www.trianon.ca\/fr\/liens-utiles\/","og_site_name":"Trianon","article_modified_time":"2015-12-09T22:05:52+00:00","twitter_card":"summary_large_image","twitter_misc":{"Dur\u00e9e de lecture estim\u00e9e":"1 minute"},"schema":{"@context":"https:\/\/schema.org","@graph":[{"@type":"WebPage","@id":"https:\/\/www.trianon.ca\/fr\/liens-utiles\/","url":"https:\/\/www.trianon.ca\/fr\/liens-utiles\/","name":"Liens Utiles - Trianon","isPartOf":{"@id":"https:\/\/www.trianon.ca\/fr\/#website"},"datePublished":"2015-11-23T22:15:58+00:00","dateModified":"2015-12-09T22:05:52+00:00","breadcrumb":{"@id":"https:\/\/www.trianon.ca\/fr\/liens-utiles\/#breadcrumb"},"inLanguage":"fr-FR","potentialAction":[{"@type":"ReadAction","target":["https:\/\/www.trianon.ca\/fr\/liens-utiles\/"]}]},{"@type":"BreadcrumbList","@id":"https:\/\/www.trianon.ca\/fr\/liens-utiles\/#breadcrumb","itemListElement":[{"@type":"ListItem","position":1,"name":"Home","item":"https:\/\/www.trianon.ca\/fr\/"},{"@type":"ListItem","position":2,"name":"Liens Utiles"}]},{"@type":"WebSite","@id":"https:\/\/www.trianon.ca\/fr\/#website","url":"https:\/\/www.trianon.ca\/fr\/","name":"Trianon","description":"","potentialAction":[{"@type":"SearchAction","target":{"@type":"EntryPoint","urlTemplate":"https:\/\/www.trianon.ca\/fr\/?s={search_term_string}"},"query-input":{"@type":"PropertyValueSpecification","valueRequired":true,"valueName":"search_term_string"}}],"inLanguage":"fr-FR"}]}},"_links":{"self":[{"href":"https:\/\/www.trianon.ca\/fr\/wp-json\/wp\/v2\/pages\/3163","targetHints":{"allow":["GET"]}}],"collection":[{"href":"https:\/\/www.trianon.ca\/fr\/wp-json\/wp\/v2\/pages"}],"about":[{"href":"https:\/\/www.trianon.ca\/fr\/wp-json\/wp\/v2\/types\/page"}],"author":[{"embeddable":true,"href":"https:\/\/www.trianon.ca\/fr\/wp-json\/wp\/v2\/users\/5"}],"replies":[{"embeddable":true,"href":"https:\/\/www.trianon.ca\/fr\/wp-json\/wp\/v2\/comments?post=3163"}],"version-history":[{"count":5,"href":"https:\/\/www.trianon.ca\/fr\/wp-json\/wp\/v2\/pages\/3163\/revisions"}],"predecessor-version":[{"id":3253,"href":"https:\/\/www.trianon.ca\/fr\/wp-json\/wp\/v2\/pages\/3163\/revisions\/3253"}],"wp:attachment":[{"href":"https:\/\/www.trianon.ca\/fr\/wp-json\/wp\/v2\/media?parent=3163"}],"curies":[{"name":"wp","href":"https:\/\/api.w.org\/{rel}","templated":true}]}}