{"id":3161,"date":"2015-11-23T22:14:23","date_gmt":"2015-11-23T22:14:23","guid":{"rendered":"http:\/\/www.trianon.ca\/fr\/?page_id=3161"},"modified":"2015-12-09T22:02:57","modified_gmt":"2015-12-09T22:02:57","slug":"plans-de-niveau","status":"publish","type":"page","link":"https:\/\/www.trianon.ca\/fr\/plans-de-niveau\/","title":{"rendered":"Plans de Niveau"},"content":{"rendered":"\r\n\t<div id=\"flrplan\" data-midnight=\"dark\" data-bg-mobile-hidden=\"\" class=\"wpb_row vc_row-fluid vc_row standard_section  trititlearea \"  style=\"padding-top: 100px; padding-bottom: 100px; \"><div class=\"row-bg-wrap\"> <div class=\"row-bg using-image  \"  style=\"background-image: url(https:\/\/www.trianon.ca\/wp-content\/uploads\/FLOOR-PLANS-Banner1.jpg); background-position: center center; background-repeat: no-repeat; \"><\/div> <\/div><div class=\"col span_12 dark left\">\n\t<div  class=\"vc_col-sm-12 wpb_column column_container col no-extra-padding\"  data-padding-pos=\"all\" data-has-bg-color=\"false\" data-bg-color=\"\" data-bg-opacity=\"1\" data-hover-bg=\"\" data-hover-bg-opacity=\"1\" data-animation=\"\" data-delay=\"0\">\n\t\t<div class=\"wpb_wrapper\">\n\t\t\t\n\t<div class=\"wpb_text_column wpb_content_element \">\n\t\t<div class=\"wpb_wrapper\">\n\t\t\t<h1 style=\"text-align: center;\"><span style=\"color: #ffffff;\">Plans de Niveau<\/span><\/h1>\n\n\t\t<\/div>\n\t<\/div>\n\n\t\t<\/div> \n\t<\/div> \n<\/div><\/div>\r\n\t<div id=\"fws_69de310bf3764\" data-midnight=\"dark\" data-bg-mobile-hidden=\"\" class=\"wpb_row vc_row-fluid vc_row standard_section   \"  style=\"padding-top: 0px; padding-bottom: 0px; \"><div class=\"row-bg-wrap\"> <div class=\"row-bg   \"  style=\"\"><\/div> <\/div><div class=\"col span_12 dark left\">\n\t<div  class=\"vc_col-sm-12 wpb_column column_container col no-extra-padding\"  data-padding-pos=\"all\" data-has-bg-color=\"false\" data-bg-color=\"\" data-bg-opacity=\"1\" data-hover-bg=\"\" data-hover-bg-opacity=\"1\" data-animation=\"\" data-delay=\"0\">\n\t\t<div class=\"wpb_wrapper\">\n\t\t\t\n\t<div class=\"wpb_text_column wpb_content_element \">\n\t\t<div class=\"wpb_wrapper\">\n\t\t\t<h4 style=\"text-align: center;\"><span style=\"color: #540000;\">T\u00e9l\u00e9charger un plan de niveau en cliquant sur le lien de l&rsquo;appartement qui vous int\u00e9resse.<\/span><\/h4>\n\n\t\t<\/div>\n\t<\/div>\n<div style=\"margin-top: 30px; margin-bottom: 30px;\" class=\"divider-border\"><\/div>\n\t\t<\/div> \n\t<\/div> \n<\/div><\/div>\r\n\t<div id=\"fws_69de310bf3d86\" data-midnight=\"dark\" data-bg-mobile-hidden=\"\" class=\"wpb_row vc_row-fluid vc_row standard_section   \"  style=\"padding-top: 0px; padding-bottom: 0px; \"><div class=\"row-bg-wrap\"> <div class=\"row-bg   \"  style=\"\"><\/div> <\/div><div class=\"col span_12 dark left\">\n\t<div  class=\"vc_col-sm-4 wpb_column column_container col no-extra-padding\"  data-padding-pos=\"all\" data-has-bg-color=\"false\" data-bg-color=\"\" data-bg-opacity=\"1\" data-hover-bg=\"\" data-hover-bg-opacity=\"1\" data-animation=\"\" data-delay=\"0\">\n\t\t<div class=\"wpb_wrapper\">\n\t\t\t\n\t<div class=\"wpb_text_column wpb_content_element \">\n\t\t<div class=\"wpb_wrapper\">\n\t\t\t<h4><span style=\"color: #916e48;\">250 KENSINGTON AVENUE<\/span><\/h4>\n<p><a href=\"\/wp-content\/uploads\/kensington1a.pdf\" target=\"_blank\">3.5<\/a><\/p>\n<p><a href=\"\/wp-content\/uploads\/kensington2a.pdf\" target=\"_blank\">4.5<\/a><\/p>\n\n\t\t<\/div>\n\t<\/div>\n\n\t\t<\/div> \n\t<\/div> \n\n\t<div  class=\"vc_col-sm-4 wpb_column column_container col no-extra-padding\"  data-padding-pos=\"all\" data-has-bg-color=\"false\" data-bg-color=\"\" data-bg-opacity=\"1\" data-hover-bg=\"\" data-hover-bg-opacity=\"1\" data-animation=\"\" data-delay=\"0\">\n\t\t<div class=\"wpb_wrapper\">\n\t\t\t\n\t<div class=\"wpb_text_column wpb_content_element \">\n\t\t<div class=\"wpb_wrapper\">\n\t\t\t<h4><span style=\"color: #916e48;\">2300 SAINT MATHIEU<\/span><\/h4>\n<p><a href=\"\/wp-content\/uploads\/stmathieu1a.pdf\" target=\"_blank\">3.5<\/a><\/p>\n<p><a href=\"\/wp-content\/uploads\/stmathieu2a.pdf\" target=\"_blank\">4.5<\/a><\/p>\n\n\t\t<\/div>\n\t<\/div>\n\n\t\t<\/div> \n\t<\/div> \n\n\t<div  class=\"vc_col-sm-4 wpb_column column_container col no-extra-padding\"  data-padding-pos=\"all\" data-has-bg-color=\"false\" data-bg-color=\"\" data-bg-opacity=\"1\" data-hover-bg=\"\" data-hover-bg-opacity=\"1\" data-animation=\"\" data-delay=\"0\">\n\t\t<div class=\"wpb_wrapper\">\n\t\t\t\n\t<div class=\"wpb_text_column wpb_content_element \">\n\t\t<div class=\"wpb_wrapper\">\n\t\t\t<h4><span style=\"color: #916e48;\">5320 MACDONALD AVENUE<\/span><\/h4>\n<p><a href=\"\/wp-content\/uploads\/5320macdonald1a.pdf\" target=\"_blank\">3.5<\/a><\/p>\n<p><a href=\"\/wp-content\/uploads\/5320macdonald2a.pdf\" target=\"_blank\">4.5<\/a><\/p>\n\n\t\t<\/div>\n\t<\/div>\n\n\t\t<\/div> \n\t<\/div> \n<\/div><\/div>\r\n\t<div id=\"fws_69de310c0055b\" data-midnight=\"dark\" data-bg-mobile-hidden=\"\" class=\"wpb_row vc_row-fluid vc_row standard_section   \"  style=\"padding-top: 0px; padding-bottom: 0px; \"><div class=\"row-bg-wrap\"> <div class=\"row-bg   \"  style=\"\"><\/div> <\/div><div class=\"col span_12 dark left\">\n\t<div  class=\"vc_col-sm-12 wpb_column column_container col no-extra-padding\"  data-padding-pos=\"all\" data-has-bg-color=\"false\" data-bg-color=\"\" data-bg-opacity=\"1\" data-hover-bg=\"\" data-hover-bg-opacity=\"1\" data-animation=\"\" data-delay=\"0\">\n\t\t<div class=\"wpb_wrapper\">\n\t\t\t<div style=\"height: 200px;\" class=\"divider\"><\/div>\n\t\t<\/div> \n\t<\/div> \n<\/div><\/div>\n","protected":false},"excerpt":{"rendered":"Plans de Niveau T\u00e9l\u00e9charger un plan de niveau en cliquant sur le lien de l'appartement qui vous int\u00e9resse. 250 KENSINGTON AVENUE 3.5 4.5 2300 SAINT MATHIEU 3.5 4.5 5320 MACDONALD...","protected":false},"author":5,"featured_media":0,"parent":0,"menu_order":0,"comment_status":"closed","ping_status":"closed","template":"","meta":{"footnotes":""},"class_list":["post-3161","page","type-page","status-publish","hentry"],"yoast_head":"<!-- This site is optimized with the Yoast SEO plugin v27.2 - https:\/\/yoast.com\/product\/yoast-seo-wordpress\/ -->\n<title>Plans de Niveau - Trianon<\/title>\n<meta name=\"robots\" content=\"index, follow, max-snippet:-1, max-image-preview:large, max-video-preview:-1\" \/>\n<link rel=\"canonical\" href=\"https:\/\/www.trianon.ca\/fr\/plans-de-niveau\/\" \/>\n<meta property=\"og:locale\" content=\"fr_FR\" \/>\n<meta property=\"og:type\" content=\"article\" \/>\n<meta property=\"og:title\" content=\"Plans de Niveau - Trianon\" \/>\n<meta property=\"og:url\" content=\"https:\/\/www.trianon.ca\/fr\/plans-de-niveau\/\" \/>\n<meta property=\"og:site_name\" content=\"Trianon\" \/>\n<meta property=\"article:modified_time\" content=\"2015-12-09T22:02:57+00:00\" \/>\n<meta name=\"twitter:card\" content=\"summary_large_image\" \/>\n<meta name=\"twitter:label1\" content=\"Dur\u00e9e de lecture estim\u00e9e\" \/>\n\t<meta name=\"twitter:data1\" content=\"1 minute\" \/>\n<script type=\"application\/ld+json\" class=\"yoast-schema-graph\">{\"@context\":\"https:\/\/schema.org\",\"@graph\":[{\"@type\":\"WebPage\",\"@id\":\"https:\/\/www.trianon.ca\/fr\/plans-de-niveau\/\",\"url\":\"https:\/\/www.trianon.ca\/fr\/plans-de-niveau\/\",\"name\":\"Plans de Niveau - Trianon\",\"isPartOf\":{\"@id\":\"https:\/\/www.trianon.ca\/fr\/#website\"},\"datePublished\":\"2015-11-23T22:14:23+00:00\",\"dateModified\":\"2015-12-09T22:02:57+00:00\",\"breadcrumb\":{\"@id\":\"https:\/\/www.trianon.ca\/fr\/plans-de-niveau\/#breadcrumb\"},\"inLanguage\":\"fr-FR\",\"potentialAction\":[{\"@type\":\"ReadAction\",\"target\":[\"https:\/\/www.trianon.ca\/fr\/plans-de-niveau\/\"]}]},{\"@type\":\"BreadcrumbList\",\"@id\":\"https:\/\/www.trianon.ca\/fr\/plans-de-niveau\/#breadcrumb\",\"itemListElement\":[{\"@type\":\"ListItem\",\"position\":1,\"name\":\"Home\",\"item\":\"https:\/\/www.trianon.ca\/fr\/\"},{\"@type\":\"ListItem\",\"position\":2,\"name\":\"Plans de Niveau\"}]},{\"@type\":\"WebSite\",\"@id\":\"https:\/\/www.trianon.ca\/fr\/#website\",\"url\":\"https:\/\/www.trianon.ca\/fr\/\",\"name\":\"Trianon\",\"description\":\"\",\"potentialAction\":[{\"@type\":\"SearchAction\",\"target\":{\"@type\":\"EntryPoint\",\"urlTemplate\":\"https:\/\/www.trianon.ca\/fr\/?s={search_term_string}\"},\"query-input\":{\"@type\":\"PropertyValueSpecification\",\"valueRequired\":true,\"valueName\":\"search_term_string\"}}],\"inLanguage\":\"fr-FR\"}]}<\/script>\n<!-- \/ Yoast SEO plugin. -->","yoast_head_json":{"title":"Plans de Niveau - Trianon","robots":{"index":"index","follow":"follow","max-snippet":"max-snippet:-1","max-image-preview":"max-image-preview:large","max-video-preview":"max-video-preview:-1"},"canonical":"https:\/\/www.trianon.ca\/fr\/plans-de-niveau\/","og_locale":"fr_FR","og_type":"article","og_title":"Plans de Niveau - Trianon","og_url":"https:\/\/www.trianon.ca\/fr\/plans-de-niveau\/","og_site_name":"Trianon","article_modified_time":"2015-12-09T22:02:57+00:00","twitter_card":"summary_large_image","twitter_misc":{"Dur\u00e9e de lecture estim\u00e9e":"1 minute"},"schema":{"@context":"https:\/\/schema.org","@graph":[{"@type":"WebPage","@id":"https:\/\/www.trianon.ca\/fr\/plans-de-niveau\/","url":"https:\/\/www.trianon.ca\/fr\/plans-de-niveau\/","name":"Plans de Niveau - Trianon","isPartOf":{"@id":"https:\/\/www.trianon.ca\/fr\/#website"},"datePublished":"2015-11-23T22:14:23+00:00","dateModified":"2015-12-09T22:02:57+00:00","breadcrumb":{"@id":"https:\/\/www.trianon.ca\/fr\/plans-de-niveau\/#breadcrumb"},"inLanguage":"fr-FR","potentialAction":[{"@type":"ReadAction","target":["https:\/\/www.trianon.ca\/fr\/plans-de-niveau\/"]}]},{"@type":"BreadcrumbList","@id":"https:\/\/www.trianon.ca\/fr\/plans-de-niveau\/#breadcrumb","itemListElement":[{"@type":"ListItem","position":1,"name":"Home","item":"https:\/\/www.trianon.ca\/fr\/"},{"@type":"ListItem","position":2,"name":"Plans de Niveau"}]},{"@type":"WebSite","@id":"https:\/\/www.trianon.ca\/fr\/#website","url":"https:\/\/www.trianon.ca\/fr\/","name":"Trianon","description":"","potentialAction":[{"@type":"SearchAction","target":{"@type":"EntryPoint","urlTemplate":"https:\/\/www.trianon.ca\/fr\/?s={search_term_string}"},"query-input":{"@type":"PropertyValueSpecification","valueRequired":true,"valueName":"search_term_string"}}],"inLanguage":"fr-FR"}]}},"_links":{"self":[{"href":"https:\/\/www.trianon.ca\/fr\/wp-json\/wp\/v2\/pages\/3161","targetHints":{"allow":["GET"]}}],"collection":[{"href":"https:\/\/www.trianon.ca\/fr\/wp-json\/wp\/v2\/pages"}],"about":[{"href":"https:\/\/www.trianon.ca\/fr\/wp-json\/wp\/v2\/types\/page"}],"author":[{"embeddable":true,"href":"https:\/\/www.trianon.ca\/fr\/wp-json\/wp\/v2\/users\/5"}],"replies":[{"embeddable":true,"href":"https:\/\/www.trianon.ca\/fr\/wp-json\/wp\/v2\/comments?post=3161"}],"version-history":[{"count":4,"href":"https:\/\/www.trianon.ca\/fr\/wp-json\/wp\/v2\/pages\/3161\/revisions"}],"predecessor-version":[{"id":3248,"href":"https:\/\/www.trianon.ca\/fr\/wp-json\/wp\/v2\/pages\/3161\/revisions\/3248"}],"wp:attachment":[{"href":"https:\/\/www.trianon.ca\/fr\/wp-json\/wp\/v2\/media?parent=3161"}],"curies":[{"name":"wp","href":"https:\/\/api.w.org\/{rel}","templated":true}]}}