{"id":3147,"date":"2015-11-23T21:59:16","date_gmt":"2015-11-23T21:59:16","guid":{"rendered":"http:\/\/www.trianon.ca\/fr\/?page_id=3147"},"modified":"2015-11-23T22:00:38","modified_gmt":"2015-11-23T22:00:38","slug":"politique-de-vie-privee","status":"publish","type":"page","link":"https:\/\/www.trianon.ca\/fr\/politique-de-vie-privee\/","title":{"rendered":"Politique de vie priv\u00e9e"},"content":{"rendered":"<h1><span style=\"color: #540000;\">Politique de vie priv\u00e9e<\/span><\/h1>\n<p>Trianon a cr\u00e9\u00e9 cette Politique de vie priv\u00e9e afin de d\u00e9montrer que notre entreprise est d\u00e9vou\u00e9e \u00e0 la protection de la vie priv\u00e9e du public. Ce document divulgue les pratiques de collecte et de partage d\u2019information sur ce Site web.<\/p>\n<h4><span style=\"color: #916e48;\">Informations personnelles<\/span><\/h4>\n<p>Lorsque vous vous optez pour un service qui requiert votre inscription, nous vous demandons de nous fournir des renseignements personnels. Si nous avons l\u2019intention d\u2019utiliser cette information d\u2019une mani\u00e8re diff\u00e9rente que le but pour lequel elle a \u00e9t\u00e9 collect\u00e9e, nous demanderons votre consentement avant de le faire. La vente, l\u2019\u00e9change ou le partage des informations, dont le nom, adresse courriel, coordonn\u00e9es ou autres informations de nos abonn\u00e9s ou n\u2019importe qui avec qui nous avons contact, ne sera pas vendue sans l\u2019accord explicite des personnes concern\u00e9es. Vous pouvez refuser de soumettre vos informations personnelles relative \u00e0 l\u2019un de nos services, ce qui pourrait nous emp\u00eacher de vous fournir ces services.<\/p>\n<h4><span style=\"color: #916e48;\">Changements \u00e0 notre politique<\/span><\/h4>\n<p>Veuillez noter que cette d\u00e9claration peut changer de temps \u00e0 autre. Nous ne changerons pas vos droits r\u00e9gis par cette Politique sans votre consentement explicite, et nous anticipons que ces changements soient mineurs.<\/p>\n<h4><span style=\"color: #916e48;\">Coordonn\u00e9es<\/span><\/h4>\n<p>Si vous avez des questions au sujet de cette Politique de vie priv\u00e9e, les pratiques de collecte et de divulgation d\u2019information sur ce Site web, ou votre navigation sur le site, vous pouvez nous rejoindre par courriel au [info@trianon.ca].<\/p>\n<p>&nbsp;<\/p>\n<p>&nbsp;<\/p>\n","protected":false},"excerpt":{"rendered":"<p>Politique de vie priv\u00e9e Trianon a cr\u00e9\u00e9 cette Politique de vie priv\u00e9e afin de d\u00e9montrer que notre entreprise est d\u00e9vou\u00e9e \u00e0 la protection de la vie priv\u00e9e du public. Ce&#8230;<\/p>\n","protected":false},"author":5,"featured_media":0,"parent":0,"menu_order":0,"comment_status":"open","ping_status":"closed","template":"","meta":{"footnotes":""},"class_list":["post-3147","page","type-page","status-publish","hentry"],"yoast_head":"<!-- This site is optimized with the Yoast SEO plugin v27.2 - https:\/\/yoast.com\/product\/yoast-seo-wordpress\/ -->\n<title>Politique de vie priv\u00e9e - Trianon<\/title>\n<meta name=\"robots\" content=\"index, follow, max-snippet:-1, max-image-preview:large, max-video-preview:-1\" \/>\n<link rel=\"canonical\" href=\"https:\/\/www.trianon.ca\/fr\/politique-de-vie-privee\/\" \/>\n<meta property=\"og:locale\" content=\"fr_FR\" \/>\n<meta property=\"og:type\" content=\"article\" \/>\n<meta property=\"og:title\" content=\"Politique de vie priv\u00e9e - Trianon\" \/>\n<meta property=\"og:description\" content=\"Politique de vie priv\u00e9e Trianon a cr\u00e9\u00e9 cette Politique de vie priv\u00e9e afin de d\u00e9montrer que notre entreprise est d\u00e9vou\u00e9e \u00e0 la protection de la vie priv\u00e9e du public. Ce...\" \/>\n<meta property=\"og:url\" content=\"https:\/\/www.trianon.ca\/fr\/politique-de-vie-privee\/\" \/>\n<meta property=\"og:site_name\" content=\"Trianon\" \/>\n<meta property=\"article:modified_time\" content=\"2015-11-23T22:00:38+00:00\" \/>\n<meta name=\"twitter:card\" content=\"summary_large_image\" \/>\n<meta name=\"twitter:label1\" content=\"Dur\u00e9e de lecture estim\u00e9e\" \/>\n\t<meta name=\"twitter:data1\" content=\"1 minute\" \/>\n<script type=\"application\/ld+json\" class=\"yoast-schema-graph\">{\"@context\":\"https:\/\/schema.org\",\"@graph\":[{\"@type\":\"WebPage\",\"@id\":\"https:\/\/www.trianon.ca\/fr\/politique-de-vie-privee\/\",\"url\":\"https:\/\/www.trianon.ca\/fr\/politique-de-vie-privee\/\",\"name\":\"Politique de vie priv\u00e9e - Trianon\",\"isPartOf\":{\"@id\":\"https:\/\/www.trianon.ca\/fr\/#website\"},\"datePublished\":\"2015-11-23T21:59:16+00:00\",\"dateModified\":\"2015-11-23T22:00:38+00:00\",\"breadcrumb\":{\"@id\":\"https:\/\/www.trianon.ca\/fr\/politique-de-vie-privee\/#breadcrumb\"},\"inLanguage\":\"fr-FR\",\"potentialAction\":[{\"@type\":\"ReadAction\",\"target\":[\"https:\/\/www.trianon.ca\/fr\/politique-de-vie-privee\/\"]}]},{\"@type\":\"BreadcrumbList\",\"@id\":\"https:\/\/www.trianon.ca\/fr\/politique-de-vie-privee\/#breadcrumb\",\"itemListElement\":[{\"@type\":\"ListItem\",\"position\":1,\"name\":\"Home\",\"item\":\"https:\/\/www.trianon.ca\/fr\/\"},{\"@type\":\"ListItem\",\"position\":2,\"name\":\"Politique de vie priv\u00e9e\"}]},{\"@type\":\"WebSite\",\"@id\":\"https:\/\/www.trianon.ca\/fr\/#website\",\"url\":\"https:\/\/www.trianon.ca\/fr\/\",\"name\":\"Trianon\",\"description\":\"\",\"potentialAction\":[{\"@type\":\"SearchAction\",\"target\":{\"@type\":\"EntryPoint\",\"urlTemplate\":\"https:\/\/www.trianon.ca\/fr\/?s={search_term_string}\"},\"query-input\":{\"@type\":\"PropertyValueSpecification\",\"valueRequired\":true,\"valueName\":\"search_term_string\"}}],\"inLanguage\":\"fr-FR\"}]}<\/script>\n<!-- \/ Yoast SEO plugin. -->","yoast_head_json":{"title":"Politique de vie priv\u00e9e - Trianon","robots":{"index":"index","follow":"follow","max-snippet":"max-snippet:-1","max-image-preview":"max-image-preview:large","max-video-preview":"max-video-preview:-1"},"canonical":"https:\/\/www.trianon.ca\/fr\/politique-de-vie-privee\/","og_locale":"fr_FR","og_type":"article","og_title":"Politique de vie priv\u00e9e - Trianon","og_description":"Politique de vie priv\u00e9e Trianon a cr\u00e9\u00e9 cette Politique de vie priv\u00e9e afin de d\u00e9montrer que notre entreprise est d\u00e9vou\u00e9e \u00e0 la protection de la vie priv\u00e9e du public. Ce...","og_url":"https:\/\/www.trianon.ca\/fr\/politique-de-vie-privee\/","og_site_name":"Trianon","article_modified_time":"2015-11-23T22:00:38+00:00","twitter_card":"summary_large_image","twitter_misc":{"Dur\u00e9e de lecture estim\u00e9e":"1 minute"},"schema":{"@context":"https:\/\/schema.org","@graph":[{"@type":"WebPage","@id":"https:\/\/www.trianon.ca\/fr\/politique-de-vie-privee\/","url":"https:\/\/www.trianon.ca\/fr\/politique-de-vie-privee\/","name":"Politique de vie priv\u00e9e - Trianon","isPartOf":{"@id":"https:\/\/www.trianon.ca\/fr\/#website"},"datePublished":"2015-11-23T21:59:16+00:00","dateModified":"2015-11-23T22:00:38+00:00","breadcrumb":{"@id":"https:\/\/www.trianon.ca\/fr\/politique-de-vie-privee\/#breadcrumb"},"inLanguage":"fr-FR","potentialAction":[{"@type":"ReadAction","target":["https:\/\/www.trianon.ca\/fr\/politique-de-vie-privee\/"]}]},{"@type":"BreadcrumbList","@id":"https:\/\/www.trianon.ca\/fr\/politique-de-vie-privee\/#breadcrumb","itemListElement":[{"@type":"ListItem","position":1,"name":"Home","item":"https:\/\/www.trianon.ca\/fr\/"},{"@type":"ListItem","position":2,"name":"Politique de vie priv\u00e9e"}]},{"@type":"WebSite","@id":"https:\/\/www.trianon.ca\/fr\/#website","url":"https:\/\/www.trianon.ca\/fr\/","name":"Trianon","description":"","potentialAction":[{"@type":"SearchAction","target":{"@type":"EntryPoint","urlTemplate":"https:\/\/www.trianon.ca\/fr\/?s={search_term_string}"},"query-input":{"@type":"PropertyValueSpecification","valueRequired":true,"valueName":"search_term_string"}}],"inLanguage":"fr-FR"}]}},"_links":{"self":[{"href":"https:\/\/www.trianon.ca\/fr\/wp-json\/wp\/v2\/pages\/3147","targetHints":{"allow":["GET"]}}],"collection":[{"href":"https:\/\/www.trianon.ca\/fr\/wp-json\/wp\/v2\/pages"}],"about":[{"href":"https:\/\/www.trianon.ca\/fr\/wp-json\/wp\/v2\/types\/page"}],"author":[{"embeddable":true,"href":"https:\/\/www.trianon.ca\/fr\/wp-json\/wp\/v2\/users\/5"}],"replies":[{"embeddable":true,"href":"https:\/\/www.trianon.ca\/fr\/wp-json\/wp\/v2\/comments?post=3147"}],"version-history":[{"count":3,"href":"https:\/\/www.trianon.ca\/fr\/wp-json\/wp\/v2\/pages\/3147\/revisions"}],"predecessor-version":[{"id":3153,"href":"https:\/\/www.trianon.ca\/fr\/wp-json\/wp\/v2\/pages\/3147\/revisions\/3153"}],"wp:attachment":[{"href":"https:\/\/www.trianon.ca\/fr\/wp-json\/wp\/v2\/media?parent=3147"}],"curies":[{"name":"wp","href":"https:\/\/api.w.org\/{rel}","templated":true}]}}