{"id":3136,"date":"2015-11-23T21:37:10","date_gmt":"2015-11-23T21:37:10","guid":{"rendered":"http:\/\/www.trianon.ca\/fr\/?page_id=3136"},"modified":"2015-12-02T19:31:54","modified_gmt":"2015-12-02T19:31:54","slug":"accueil","status":"publish","type":"page","link":"https:\/\/www.trianon.ca\/fr\/","title":{"rendered":"Accueil"},"content":{"rendered":"\r\n\t<div id=\"fws_69ecd0bec999f\" data-midnight=\"dark\" data-bg-mobile-hidden=\"\" class=\"wpb_row vc_row-fluid vc_row full-width-content standard_section  scrollEffect globalbg firstImage stickem-container \"  style=\"padding-top: 0px; padding-bottom: 0px; \"><div class=\"row-bg-wrap\"> <div class=\"row-bg using-image  \"  style=\"background-image: url(https:\/\/www.trianon.ca\/wp-content\/uploads\/MakeItYourHome2.jpg); background-position: left top; background-repeat: no-repeat; \"><\/div> <\/div><div class=\"col span_12 dark left\">\n\t<div  class=\"vc_col-sm-12 wpb_column column_container col no-extra-padding\"  data-padding-pos=\"top-bottom\" data-has-bg-color=\"false\" data-bg-color=\"\" data-bg-opacity=\"1\" data-hover-bg=\"\" data-hover-bg-opacity=\"1\" data-animation=\"\" data-delay=\"0\">\n\t\t<div class=\"wpb_wrapper\">\n\t\t\t\n\t<div class=\"wpb_text_column wpb_content_element  goawayplease\">\n\t\t<div class=\"wpb_wrapper\">\n\t\t\t\n\t\t<\/div>\n\t<\/div>\n\n\t<div class=\"wpb_text_column wpb_content_element  vc_custom_1448314923789 fadeintext imgblock\">\n\t\t<div class=\"wpb_wrapper\">\n\t\t\t<div class=\"stickem\">\n<h2 style=\"text-align: center;\"><span class=\"firstText\" style=\"font-weight: 400; color: #916e48;\">BIENVENUE CHEZ VOUS<\/span><\/h2>\n<p><!--\n\n\n\n\n<p class=\"homebtn\" style=\"text-align: center;\"><a class=\"nectar-button large accent-color regular-button\" href=\"https:\/\/www.youtube.com\/watch?v=tyov_tQ4nH8&rel=0&width=640&height=480\" rel=\"wp-video-lightbox\" data-color-override=\"false\" data-hover-color-override=\"false\" data-hover-text-color-override=\"#fff\">Watch Video<\/a>\n\n\n\n--><\/p>\n<\/div>\n\n\t\t<\/div>\n\t<\/div>\n\r\n\t<div id=\"fws_69ecd0beca263\" data-midnight=\"\" data-bg-mobile-hidden=\"\" class=\"wpb_row vc_row-fluid vc_row standard_section  stblock stblock12 \"  style=\"padding-top: 0px; padding-bottom: 0px; \"><div class=\"row-bg-wrap\"> <div class=\"row-bg   \"  style=\"\"><\/div> <\/div><div class=\"col span_12  \">\n\t<div  class=\"vc_col-sm-6 wpb_column column_container col padding-4-percent\"  data-padding-pos=\"all\" data-has-bg-color=\"false\" data-bg-color=\"\" data-bg-opacity=\"1\" data-hover-bg=\"\" data-hover-bg-opacity=\"1\" data-animation=\"\" data-delay=\"0\">\n\t\t<div class=\"wpb_wrapper\">\n\t\t\t\n\t<div class=\"wpb_text_column wpb_content_element \">\n\t\t<div class=\"wpb_wrapper\">\n\t\t\t<h3><span class=\"firstletter\">B<\/span>ien \u00c9tabli<\/h3>\n<p>Depuis 1973, Les Immeubles Trianon, une entreprise familiale g\u00e9r\u00e9e depuis trois g\u00e9n\u00e9rations, poss\u00e8de et g\u00e8re des immeubles \u00e0 Montr\u00e9al. Nous sommes fiers de notre compagnie and nous faisons de notre mieux pour vous faire sentir comme chez vous.<\/p>\n\n\t\t<\/div>\n\t<\/div>\n\n\t\t<\/div> \n\t<\/div> \n\n\t<div  class=\"vc_col-sm-6 wpb_column column_container col padding-4-percent\"  data-padding-pos=\"all\" data-has-bg-color=\"false\" data-bg-color=\"\" data-bg-opacity=\"1\" data-hover-bg=\"\" data-hover-bg-opacity=\"1\" data-animation=\"\" data-delay=\"0\">\n\t\t<div class=\"wpb_wrapper\">\n\t\t\t\n\t<div class=\"wpb_text_column wpb_content_element \">\n\t\t<div class=\"wpb_wrapper\">\n\t\t\t<h3><span class=\"firstletter\">A<\/span>ttentionn\u00e9<\/h3>\n<p>Notre personnel hautement professionnel et courtois est d\u00e9vou\u00e9 au confort de nos r\u00e9sidents, tout en assurant la s\u00e9curit\u00e9, la propret\u00e9 et l\u2019entretien impeccable des aires publiques et priv\u00e9es.<\/p>\n\n\t\t<\/div>\n\t<\/div>\n\n\t\t<\/div> \n\t<\/div> \n<\/div><\/div>\n\t\t<\/div> \n\t<\/div> \n<\/div><\/div>\r\n\t<div id=\"fws_69ecd0becae5b\" data-midnight=\"dark\" data-bg-mobile-hidden=\"\" class=\"wpb_row vc_row-fluid vc_row full-width-content standard_section  scrollEffect globalbg \"  style=\"padding-top: 0px; padding-bottom: 0px; \"><div class=\"row-bg-wrap\"> <div class=\"row-bg using-image  \"  style=\"background-image: url(https:\/\/www.trianon.ca\/wp-content\/uploads\/FromEnjoyingThatFirstSip.jpg); background-position: left top; background-repeat: no-repeat; \"><\/div> <\/div><div class=\"col span_12 dark left\">\n\t<div  class=\"vc_col-sm-12 wpb_column column_container col no-extra-padding\"  data-padding-pos=\"top-bottom\" data-has-bg-color=\"false\" data-bg-color=\"\" data-bg-opacity=\"1\" data-hover-bg=\"\" data-hover-bg-opacity=\"1\" data-animation=\"\" data-delay=\"0\">\n\t\t<div class=\"wpb_wrapper\">\n\t\t\t\n\t<div class=\"wpb_text_column wpb_content_element  goawayplease\">\n\t\t<div class=\"wpb_wrapper\">\n\t\t\t\n\t\t<\/div>\n\t<\/div>\n\n\t<div class=\"wpb_text_column wpb_content_element  vc_custom_1449084604360 fadeintext imgblock\">\n\t\t<div class=\"wpb_wrapper\">\n\t\t\t<h2 style=\"text-align: center;\"><span style=\"font-weight: 400; color: #ffffff; text-transform: uppercase !important;\">\u00c0 PARTIR DE CE PETIT PLAISIR MATINAL<\/span><\/h2>\n\n\t\t<\/div>\n\t<\/div>\n\r\n\t<div id=\"fws_69ecd0becb3d3\" data-midnight=\"\" data-bg-mobile-hidden=\"\" class=\"wpb_row vc_row-fluid vc_row standard_section  stblock \"  style=\"padding-top: 0px; padding-bottom: 0px; \"><div class=\"row-bg-wrap\"> <div class=\"row-bg   \"  style=\"\"><\/div> <\/div><div class=\"col span_12  \">\n\t<div  class=\"vc_col-sm-6 wpb_column column_container col padding-4-percent\"  data-padding-pos=\"all\" data-has-bg-color=\"false\" data-bg-color=\"\" data-bg-opacity=\"1\" data-hover-bg=\"\" data-hover-bg-opacity=\"1\" data-animation=\"\" data-delay=\"0\">\n\t\t<div class=\"wpb_wrapper\">\n\t\t\t\n\t<div class=\"wpb_text_column wpb_content_element \">\n\t\t<div class=\"wpb_wrapper\">\n\t\t\t<h3><span class=\"firstletter\">L<\/span>a tranquillit\u00e9 d\u2019esprit<\/h3>\n<p>Notre but est de vous fournir un environnement de vie sain, paisible, s\u00e9curitaire et sans souci. Notre personnel sur place, concierges \u00e0 domicile, syst\u00e8me d\u2019alarme \u00e0 feu central et syst\u00e8mes de vid\u00e9o-surveillance 24\/7 sont en place, afin d\u2019assurer votre tranquillit\u00e9 d\u2019esprit.<\/p>\n\n\t\t<\/div>\n\t<\/div>\n\n\t\t<\/div> \n\t<\/div> \n\n\t<div  class=\"vc_col-sm-6 wpb_column column_container col padding-4-percent\"  data-padding-pos=\"all\" data-has-bg-color=\"false\" data-bg-color=\"\" data-bg-opacity=\"1\" data-hover-bg=\"\" data-hover-bg-opacity=\"1\" data-animation=\"\" data-delay=\"0\">\n\t\t<div class=\"wpb_wrapper\">\n\t\t\t\n\t<div class=\"wpb_text_column wpb_content_element \">\n\t\t<div class=\"wpb_wrapper\">\n\t\t\t<h3><span class=\"firstletter\">\u00c9<\/span>cologique<\/h3>\n<p>Comme vous, nous nous soucions de l\u2019environnement. Trianon s\u2019engage \u00e0 \u00eatre respectueux de l\u2019environnement, en augmentant l\u2019efficacit\u00e9 \u00e9nerg\u00e9tique de nos immeubles en r\u00e9duisant l\u2019\u00e9mission de gaz \u00e0 effet de serre et en suivant des pratiques \u201cvertes\u201d en employant des produits de nettoyage \u00e9cologiques et biod\u00e9gradables dans notre usage quotidien.<\/p>\n\n\t\t<\/div>\n\t<\/div>\n\n\t\t<\/div> \n\t<\/div> \n<\/div><\/div>\n\t\t<\/div> \n\t<\/div> \n<\/div><\/div>\r\n\t<div id=\"fws_69ecd0becbef2\" data-midnight=\"dark\" data-bg-mobile-hidden=\"\" class=\"wpb_row vc_row-fluid vc_row full-width-content standard_section  scrollEffect globalbg \"  style=\"padding-top: 0px; padding-bottom: 0px; \"><div class=\"row-bg-wrap\"> <div class=\"row-bg using-image  \"  style=\"background-image: url(https:\/\/www.trianon.ca\/wp-content\/uploads\/homelocated2.jpg); background-position: left top; background-repeat: no-repeat; \"><\/div> <\/div><div class=\"col span_12 dark left\">\n\t<div  class=\"vc_col-sm-12 wpb_column column_container col no-extra-padding\"  data-padding-pos=\"top-bottom\" data-has-bg-color=\"false\" data-bg-color=\"\" data-bg-opacity=\"1\" data-hover-bg=\"\" data-hover-bg-opacity=\"1\" data-animation=\"\" data-delay=\"0\">\n\t\t<div class=\"wpb_wrapper\">\n\t\t\t\n\t<div class=\"wpb_text_column wpb_content_element  goawayplease\">\n\t\t<div class=\"wpb_wrapper\">\n\t\t\t\n\t\t<\/div>\n\t<\/div>\n\n\t<div class=\"wpb_text_column wpb_content_element  vc_custom_1449084628066 fadeintext imgblock\">\n\t\t<div class=\"wpb_wrapper\">\n\t\t\t<h2 style=\"text-align: center;\"><span style=\"color: #ffffff; text-transform: uppercase !improtant;\">\u00c0 QUELQUES PAS DE TOUT<\/span><\/h2>\n\n\t\t<\/div>\n\t<\/div>\n\r\n\t<div id=\"fws_69ecd0becc4cc\" data-midnight=\"\" data-bg-mobile-hidden=\"\" class=\"wpb_row vc_row-fluid vc_row standard_section  stblock \"  style=\"padding-top: 0px; padding-bottom: 0px; \"><div class=\"row-bg-wrap\"> <div class=\"row-bg   \"  style=\"\"><\/div> <\/div><div class=\"col span_12  \">\n\t<div  class=\"vc_col-sm-2 wpb_column column_container col padding-4-percent\"  data-padding-pos=\"all\" data-has-bg-color=\"false\" data-bg-color=\"\" data-bg-opacity=\"1\" data-hover-bg=\"\" data-hover-bg-opacity=\"1\" data-animation=\"\" data-delay=\"0\">\n\t\t<div class=\"wpb_wrapper\">\n\t\t\t\n\t\t<\/div> \n\t<\/div> \n\n\t<div  class=\"vc_col-sm-8 wpb_column column_container col padding-4-percent\"  data-padding-pos=\"all\" data-has-bg-color=\"false\" data-bg-color=\"\" data-bg-opacity=\"1\" data-hover-bg=\"\" data-hover-bg-opacity=\"1\" data-animation=\"\" data-delay=\"0\">\n\t\t<div class=\"wpb_wrapper\">\n\t\t\t\n\t<div class=\"wpb_text_column wpb_content_element \">\n\t\t<div class=\"wpb_wrapper\">\n\t\t\t<h3 style=\"text-align: center;\"><span class=\"firstletter\">I<\/span>d\u00e9alement situ\u00e9<\/h3>\n<p style=\"text-align: center;\">Choisissez votre nouvel appartement confortable parmi l\u2019un de nos trois immeubles distincts situ\u00e9s dans l\u2019un des trois quartiers uniques. Le syst\u00e8me de transport de Montr\u00e9al (autobus et m\u00e9tro), les garderies, les \u00e9coles, les h\u00f4pitaux, les cliniques, les boutiques, une multitude de \u00a0divertissements, des restaurants et bien plus encore sont tous \u00e0 proximit\u00e9 et se font facilement \u00e0 pied de nos trois immeubles.<\/p>\n<p style=\"text-align: center;\"><a class=\"nectar-button medium accent-color regular-button\"  href=\"\/fr\/emplacements\" data-color-override=\"false\" data-hover-color-override=\"false\" data-hover-text-color-override=\"#fff\"><span>Nos Emplacements<\/span> <\/a><\/p>\n\n\t\t<\/div>\n\t<\/div>\n\n\t\t<\/div> \n\t<\/div> \n\n\t<div  class=\"vc_col-sm-2 wpb_column column_container col no-extra-padding\"  data-padding-pos=\"all\" data-has-bg-color=\"false\" data-bg-color=\"\" data-bg-opacity=\"1\" data-hover-bg=\"\" data-hover-bg-opacity=\"1\" data-animation=\"\" data-delay=\"0\">\n\t\t<div class=\"wpb_wrapper\">\n\t\t\t\n\t\t<\/div> \n\t<\/div> \n<\/div><\/div>\n\t\t<\/div> \n\t<\/div> \n<\/div><\/div>\r\n\t<div id=\"fws_69ecd0beccffa\" data-midnight=\"dark\" data-bg-mobile-hidden=\"\" class=\"wpb_row vc_row-fluid vc_row full-width-content standard_section  scrollEffect globalbg \"  style=\"padding-top: 0px; padding-bottom: 0px; \"><div class=\"row-bg-wrap\"> <div class=\"row-bg using-image  \"  style=\"background-image: url(https:\/\/www.trianon.ca\/wp-content\/uploads\/LetsFindYouThatPerfectFit.jpg); background-position: left top; background-repeat: no-repeat; \"><\/div> <\/div><div class=\"col span_12 dark left\">\n\t<div  class=\"vc_col-sm-12 wpb_column column_container col no-extra-padding\"  data-padding-pos=\"top-bottom\" data-has-bg-color=\"false\" data-bg-color=\"\" data-bg-opacity=\"1\" data-hover-bg=\"\" data-hover-bg-opacity=\"1\" data-animation=\"\" data-delay=\"0\">\n\t\t<div class=\"wpb_wrapper\">\n\t\t\t\n\t<div class=\"wpb_text_column wpb_content_element  goawayplease\">\n\t\t<div class=\"wpb_wrapper\">\n\t\t\t\n\t\t<\/div>\n\t<\/div>\n\n\t<div class=\"wpb_text_column wpb_content_element  vc_custom_1449084649338 fadeintext imgblock\">\n\t\t<div class=\"wpb_wrapper\">\n\t\t\t<h2 style=\"text-align: center;\"><span style=\"font-weight: 400; color: #ffffff; text-transform: uppercase !important;\">ON VOUS TROUVE LA SOLUTION ID\u00c9ALE<\/span><\/h2>\n\n\t\t<\/div>\n\t<\/div>\n\r\n\t<div id=\"fws_69ecd0becd5af\" data-midnight=\"\" data-bg-mobile-hidden=\"\" class=\"wpb_row vc_row-fluid vc_row standard_section  stblock \"  style=\"padding-top: 0px; padding-bottom: 0px; \"><div class=\"row-bg-wrap\"> <div class=\"row-bg   \"  style=\"\"><\/div> <\/div><div class=\"col span_12  \">\n\t<div  class=\"vc_col-sm-2 wpb_column column_container col padding-4-percent\"  data-padding-pos=\"all\" data-has-bg-color=\"false\" data-bg-color=\"\" data-bg-opacity=\"1\" data-hover-bg=\"\" data-hover-bg-opacity=\"1\" data-animation=\"\" data-delay=\"0\">\n\t\t<div class=\"wpb_wrapper\">\n\t\t\t\n\t\t<\/div> \n\t<\/div> \n\n\t<div  class=\"vc_col-sm-8 wpb_column column_container col padding-4-percent\"  data-padding-pos=\"all\" data-has-bg-color=\"false\" data-bg-color=\"\" data-bg-opacity=\"1\" data-hover-bg=\"\" data-hover-bg-opacity=\"1\" data-animation=\"\" data-delay=\"0\">\n\t\t<div class=\"wpb_wrapper\">\n\t\t\t\n\t<div class=\"wpb_text_column wpb_content_element \">\n\t\t<div class=\"wpb_wrapper\">\n\t\t\t<h3 style=\"text-align: center;\"><span class=\"firstletter\">C<\/span>e qui est disponible actuellement<\/h3>\n<p style=\"text-align: center;\">Laissez-nous vous aider \u00e0 trouver VOTRE appartement id\u00e9al. \u00c0 partir d&rsquo;une vari\u00e9t\u00e9 de tailles, de configurations et un choix de quartiers, nous voulons que vous vous sentiez chez vous dans votre appartement r\u00e9nov\u00e9, fra\u00eechement repeint et imp\u00e9ccablement nettoy\u00e9 afin que vous puissiez vous d\u00e9tendre, travailler et y vivre dans un espace \u00e0 la hauteur de votre style de vie.<\/p>\n<p style=\"text-align: center;\"><a class=\"nectar-button medium accent-color regular-button\"  href=\"\/fr\/disponible\" data-color-override=\"false\" data-hover-color-override=\"false\" data-hover-text-color-override=\"#fff\"><span>DISPONIBLE D\u00c8S MAINTENANT<\/span> <\/a><\/p>\n\n\t\t<\/div>\n\t<\/div>\n\n\t\t<\/div> \n\t<\/div> \n\n\t<div  class=\"vc_col-sm-2 wpb_column column_container col no-extra-padding\"  data-padding-pos=\"all\" data-has-bg-color=\"false\" data-bg-color=\"\" data-bg-opacity=\"1\" data-hover-bg=\"\" data-hover-bg-opacity=\"1\" data-animation=\"\" data-delay=\"0\">\n\t\t<div class=\"wpb_wrapper\">\n\t\t\t\n\t\t<\/div> \n\t<\/div> \n<\/div><\/div>\n\t\t<\/div> \n\t<\/div> \n<\/div><\/div>\n","protected":false},"excerpt":{"rendered":"BIENVENUE CHEZ VOUS Bien \u00c9tabli Depuis 1973, Les Immeubles Trianon, une entreprise familiale g\u00e9r\u00e9e depuis trois g\u00e9n\u00e9rations, poss\u00e8de et g\u00e8re des immeubles \u00e0 Montr\u00e9al. Nous sommes fiers de notre compagnie...","protected":false},"author":5,"featured_media":0,"parent":0,"menu_order":0,"comment_status":"open","ping_status":"closed","template":"","meta":{"footnotes":""},"class_list":["post-3136","page","type-page","status-publish","hentry"],"yoast_head":"<!-- This site is optimized with the Yoast SEO plugin v27.2 - https:\/\/yoast.com\/product\/yoast-seo-wordpress\/ -->\n<title>Accueil - Trianon<\/title>\n<meta name=\"robots\" content=\"index, follow, max-snippet:-1, max-image-preview:large, max-video-preview:-1\" \/>\n<link rel=\"canonical\" href=\"https:\/\/www.trianon.ca\/fr\/\" \/>\n<meta property=\"og:locale\" content=\"fr_FR\" \/>\n<meta property=\"og:type\" content=\"article\" \/>\n<meta property=\"og:title\" content=\"Accueil - Trianon\" \/>\n<meta property=\"og:url\" content=\"https:\/\/www.trianon.ca\/fr\/\" \/>\n<meta property=\"og:site_name\" content=\"Trianon\" \/>\n<meta property=\"article:modified_time\" content=\"2015-12-02T19:31:54+00:00\" \/>\n<meta name=\"twitter:card\" content=\"summary_large_image\" \/>\n<meta name=\"twitter:label1\" content=\"Dur\u00e9e de lecture estim\u00e9e\" \/>\n\t<meta name=\"twitter:data1\" content=\"5 minutes\" \/>\n<script type=\"application\/ld+json\" class=\"yoast-schema-graph\">{\"@context\":\"https:\/\/schema.org\",\"@graph\":[{\"@type\":\"WebPage\",\"@id\":\"https:\/\/www.trianon.ca\/fr\/\",\"url\":\"https:\/\/www.trianon.ca\/fr\/\",\"name\":\"Accueil - Trianon\",\"isPartOf\":{\"@id\":\"https:\/\/www.trianon.ca\/fr\/#website\"},\"datePublished\":\"2015-11-23T21:37:10+00:00\",\"dateModified\":\"2015-12-02T19:31:54+00:00\",\"breadcrumb\":{\"@id\":\"https:\/\/www.trianon.ca\/fr\/#breadcrumb\"},\"inLanguage\":\"fr-FR\",\"potentialAction\":[{\"@type\":\"ReadAction\",\"target\":[\"https:\/\/www.trianon.ca\/fr\/\"]}]},{\"@type\":\"BreadcrumbList\",\"@id\":\"https:\/\/www.trianon.ca\/fr\/#breadcrumb\",\"itemListElement\":[{\"@type\":\"ListItem\",\"position\":1,\"name\":\"Home\",\"item\":\"https:\/\/www.trianon.ca\/fr\/\"},{\"@type\":\"ListItem\",\"position\":2,\"name\":\"Accueil\"}]},{\"@type\":\"WebSite\",\"@id\":\"https:\/\/www.trianon.ca\/fr\/#website\",\"url\":\"https:\/\/www.trianon.ca\/fr\/\",\"name\":\"Trianon\",\"description\":\"\",\"potentialAction\":[{\"@type\":\"SearchAction\",\"target\":{\"@type\":\"EntryPoint\",\"urlTemplate\":\"https:\/\/www.trianon.ca\/fr\/?s={search_term_string}\"},\"query-input\":{\"@type\":\"PropertyValueSpecification\",\"valueRequired\":true,\"valueName\":\"search_term_string\"}}],\"inLanguage\":\"fr-FR\"}]}<\/script>\n<!-- \/ Yoast SEO plugin. -->","yoast_head_json":{"title":"Accueil - Trianon","robots":{"index":"index","follow":"follow","max-snippet":"max-snippet:-1","max-image-preview":"max-image-preview:large","max-video-preview":"max-video-preview:-1"},"canonical":"https:\/\/www.trianon.ca\/fr\/","og_locale":"fr_FR","og_type":"article","og_title":"Accueil - Trianon","og_url":"https:\/\/www.trianon.ca\/fr\/","og_site_name":"Trianon","article_modified_time":"2015-12-02T19:31:54+00:00","twitter_card":"summary_large_image","twitter_misc":{"Dur\u00e9e de lecture estim\u00e9e":"5 minutes"},"schema":{"@context":"https:\/\/schema.org","@graph":[{"@type":"WebPage","@id":"https:\/\/www.trianon.ca\/fr\/","url":"https:\/\/www.trianon.ca\/fr\/","name":"Accueil - Trianon","isPartOf":{"@id":"https:\/\/www.trianon.ca\/fr\/#website"},"datePublished":"2015-11-23T21:37:10+00:00","dateModified":"2015-12-02T19:31:54+00:00","breadcrumb":{"@id":"https:\/\/www.trianon.ca\/fr\/#breadcrumb"},"inLanguage":"fr-FR","potentialAction":[{"@type":"ReadAction","target":["https:\/\/www.trianon.ca\/fr\/"]}]},{"@type":"BreadcrumbList","@id":"https:\/\/www.trianon.ca\/fr\/#breadcrumb","itemListElement":[{"@type":"ListItem","position":1,"name":"Home","item":"https:\/\/www.trianon.ca\/fr\/"},{"@type":"ListItem","position":2,"name":"Accueil"}]},{"@type":"WebSite","@id":"https:\/\/www.trianon.ca\/fr\/#website","url":"https:\/\/www.trianon.ca\/fr\/","name":"Trianon","description":"","potentialAction":[{"@type":"SearchAction","target":{"@type":"EntryPoint","urlTemplate":"https:\/\/www.trianon.ca\/fr\/?s={search_term_string}"},"query-input":{"@type":"PropertyValueSpecification","valueRequired":true,"valueName":"search_term_string"}}],"inLanguage":"fr-FR"}]}},"_links":{"self":[{"href":"https:\/\/www.trianon.ca\/fr\/wp-json\/wp\/v2\/pages\/3136","targetHints":{"allow":["GET"]}}],"collection":[{"href":"https:\/\/www.trianon.ca\/fr\/wp-json\/wp\/v2\/pages"}],"about":[{"href":"https:\/\/www.trianon.ca\/fr\/wp-json\/wp\/v2\/types\/page"}],"author":[{"embeddable":true,"href":"https:\/\/www.trianon.ca\/fr\/wp-json\/wp\/v2\/users\/5"}],"replies":[{"embeddable":true,"href":"https:\/\/www.trianon.ca\/fr\/wp-json\/wp\/v2\/comments?post=3136"}],"version-history":[{"count":8,"href":"https:\/\/www.trianon.ca\/fr\/wp-json\/wp\/v2\/pages\/3136\/revisions"}],"predecessor-version":[{"id":3200,"href":"https:\/\/www.trianon.ca\/fr\/wp-json\/wp\/v2\/pages\/3136\/revisions\/3200"}],"wp:attachment":[{"href":"https:\/\/www.trianon.ca\/fr\/wp-json\/wp\/v2\/media?parent=3136"}],"curies":[{"name":"wp","href":"https:\/\/api.w.org\/{rel}","templated":true}]}}